{"id":356,"date":"2025-02-22T11:31:31","date_gmt":"2025-02-22T11:31:31","guid":{"rendered":"https:\/\/gelateriapecoranera.com\/?page_id=356"},"modified":"2025-03-10T18:18:57","modified_gmt":"2025-03-10T18:18:57","slug":"termini-di-servizio-gelateria-artigianale-la-pecora-nera-olbia","status":"publish","type":"page","link":"https:\/\/gelateriapecoranera.com\/fr\/termini-di-servizio-gelateria-artigianale-la-pecora-nera-olbia\/","title":{"rendered":"Conditions d'utilisation | Gelateria Artigianale La Pecora Nera Olbia"},"content":{"rendered":"<div data-elementor-type=\"wp-page\" data-elementor-id=\"356\" class=\"elementor elementor-356\">\n\t\t\t\t<div data-particle_enable=\"false\" data-particle-mobile-disabled=\"false\" class=\"elementor-element elementor-element-f810fe7 e-flex e-con-boxed e-con e-parent\" data-id=\"f810fe7\" data-element_type=\"container\">\n\t\t\t\t\t<div class=\"e-con-inner\">\n\t\t\t\t<div class=\"elementor-element elementor-element-05f7f0b elementor-widget elementor-widget-heading\" data-id=\"05f7f0b\" data-element_type=\"widget\" data-widget_type=\"heading.default\">\n\t\t\t\t<div class=\"elementor-widget-container\">\n\t\t\t<h1 class=\"elementor-heading-title elementor-size-default\">Conditions d'utilisation<\/h1>\t\t<\/div>\n\t\t\t\t<\/div>\n\t\t\t\t<div class=\"elementor-element elementor-element-44a5bc7 elementor-widget elementor-widget-text-editor\" data-id=\"44a5bc7\" data-element_type=\"widget\" data-widget_type=\"text-editor.default\">\n\t\t\t\t<div class=\"elementor-widget-container\">\n\t\t\t\t\t\t\t<p><strong>Derni\u00e8re mise \u00e0 jour :<\/strong> 03\/03\/2025<\/p><p>Bienvenue sur le site web de <strong>Le mouton noir de Corrias Raffaela<\/strong>. En utilisant notre site et nos services, vous acceptez les conditions de service suivantes. Veuillez les lire attentivement avant d'utiliser le site.<\/p><hr \/><h3><strong>1. INFORMATIONS G\u00c9N\u00c9RALES<\/strong><\/h3><p>Le site www.gelateriapecoranera.com est exploit\u00e9 par <strong>Le mouton noir de Corrias Raffaela<\/strong>\u00e9tablie en <strong>Via Galvani 70, 07026 - Olbia (SS)<\/strong>, <strong>Code fiscal : CRRRFL74H63G015N<\/strong>, <strong>Num\u00e9ro de TVA : 02515130900<\/strong>.<\/p><p>En utilisant le site, vous acceptez de vous conformer aux pr\u00e9sentes conditions de service et \u00e0 toutes les lois applicables.<\/p><hr \/><h3><strong>2. UTILISATION DU SITE<\/strong><\/h3><p>L'acc\u00e8s et l'utilisation du site ne sont autoris\u00e9s qu'\u00e0 des fins l\u00e9gitimes. L'utilisateur s'engage \u00e0 :<\/p><ul><li>Ne pas utiliser le site \u00e0 des fins illicites ou non autoris\u00e9es ;<\/li><li>Ne tentez pas de violer la s\u00e9curit\u00e9 du site ;<\/li><li>N'utilisez pas de logiciels, de robots ou d'autres outils pour collecter des donn\u00e9es sans autorisation.<\/li><\/ul><p>Le propri\u00e9taire se r\u00e9serve le droit de suspendre ou de r\u00e9silier l'acc\u00e8s d'un utilisateur qui enfreint ces conditions.<\/p><hr \/><h3><strong>3. LES PRODUITS ET SERVICES OFFERTS<\/strong><\/h3><p>Des produits et\/ou des services peuvent \u00eatre vendus sur le site. Les d\u00e9tails, les caract\u00e9ristiques et les prix sont indiqu\u00e9s sur les pages des produits concern\u00e9s. Le propri\u00e9taire se r\u00e9serve le droit de modifier ou d'interrompre la vente de produits ou de services \u00e0 tout moment et sans pr\u00e9avis.<\/p><hr \/><h3><strong>4. COMMANDES ET PAIEMENTS<\/strong><\/h3><p>En passant une commande sur le site, l'utilisateur d\u00e9clare que :<\/p><ul><li>Avoir l'\u00e2ge l\u00e9gal ;<\/li><li>Fournir des informations exactes et v\u00e9ridiques ;<\/li><li>Accepter les prix et les co\u00fbts indiqu\u00e9s au moment de l'achat.<\/li><\/ul><p>Les paiements sont trait\u00e9s par des fournisseurs tiers de services de paiement s\u00e9curis\u00e9s. Le propri\u00e9taire ne conserve pas les donn\u00e9es de paiement des utilisateurs.<\/p><hr \/><h3><strong>5. EXP\u00c9DITIONS ET LIVRAISONS<\/strong><\/h3><p>Les informations sur les d\u00e9lais, les co\u00fbts et les modes de livraison sont pr\u00e9cis\u00e9es sur les pages d'achat. Le titulaire n'est pas responsable des retards imputables aux transporteurs ou aux cas de force majeure.<\/p><hr \/><h3><strong>6. DROIT DE R\u00c9TRACTATION ET REMBOURSEMENTS<\/strong><\/h3><p>L'utilisateur a le droit de renoncer \u00e0 l'achat dans les d\u00e9lais suivants <strong>14 jours apr\u00e8s r\u00e9ception du produit<\/strong>sauf disposition contraire de la loi. Pour demander un retour ou un remboursement, l'utilisateur doit contacter le contr\u00f4leur \u00e0 l'adresse \u00e9lectronique : <strong id=\"field_pec\">raffaelacorrias@pec.it<\/strong>.<\/p><p>Les produits doivent \u00eatre retourn\u00e9s dans leur \u00e9tat d'origine et les frais de retour sont \u00e0 votre charge.<\/p><hr \/><h3><strong>7. LIMITATION DE LA RESPONSABILIT\u00c9<\/strong><\/h3><p>Le titulaire n'est pas responsable<\/p><ul><li>Les dommages r\u00e9sultant d'une mauvaise utilisation du site ;<\/li><li>Interruptions de service pour des raisons techniques ou de force majeure ;<\/li><li>Les pertes \u00e9conomiques r\u00e9sultant de l'utilisation des informations fournies sur le site.<\/li><\/ul><hr \/><h3><strong>8. LA PROPRI\u00c9T\u00c9 INTELLECTUELLE<\/strong><\/h3><p>Tout le contenu du site (textes, images, logos, graphiques, etc.) est la propri\u00e9t\u00e9 de <strong>Le mouton noir de Corrias Raffaela<\/strong> ou leurs propri\u00e9taires respectifs et sont prot\u00e9g\u00e9s par les lois sur les droits d'auteur.<\/p><p>Toute reproduction sans autorisation \u00e9crite est interdite.<\/p><hr \/><h3><strong>9. POLITIQUE EN MATI\u00c8RE DE PROTECTION DE LA VIE PRIV\u00c9E ET DE COOKIES<\/strong><\/h3><p>L'utilisation du site est \u00e9galement r\u00e9gie par notre <strong>Politique de confidentialit\u00e9<\/strong> e <strong>Politique en mati\u00e8re de cookies<\/strong>qui peuvent \u00eatre consult\u00e9s dans les sections correspondantes du site.<\/p><hr \/><h3><strong>10. MODIFICATIONS DES CONDITIONS DE SERVICE<\/strong><\/h3><p>Le propri\u00e9taire se r\u00e9serve le droit de mettre \u00e0 jour ou de modifier ces conditions \u00e0 tout moment. Les modifications seront communiqu\u00e9es sur le site et prendront effet imm\u00e9diatement.<\/p><hr \/><h3><strong>11. DROIT APPLICABLE ET JURIDICTION COMP\u00c9TENTE<\/strong><\/h3><p>Les pr\u00e9sentes conditions d'utilisation sont r\u00e9gies par le droit italien. En cas de litige, le tribunal comp\u00e9tent est celui de <strong>Olbia (SS)<\/strong>sauf dispositions l\u00e9gales contraires.<\/p><hr \/><p>Si vous avez des questions concernant les pr\u00e9sentes conditions d'utilisation, vous pouvez nous contacter par courrier \u00e9lectronique : <strong id=\"field_pec\">raffaelacorrias@pec.it<\/strong>.<\/p>\t\t\t\t\t\t<\/div>\n\t\t\t\t<\/div>\n\t\t\t\t\t<\/div>\n\t\t\t\t<\/div>\n\t\t\t\t<\/div>","protected":false},"excerpt":{"rendered":"<p>Conditions d'utilisation Derni\u00e8re mise \u00e0 jour : 03\/03\/2025 Bienvenue sur le site de La Pecora Nera di Corrias Raffaela. En utilisant notre site et nos services, vous acceptez les conditions d'utilisation suivantes. Veuillez les lire attentivement avant de commencer \u00e0 utiliser le site. INFORMATIONS G\u00c9N\u00c9RALES Le site www.gelateriapecoranera.com est g\u00e9r\u00e9 par La Pecora Nera [...].<\/p>","protected":false},"author":1,"featured_media":0,"parent":0,"menu_order":0,"comment_status":"closed","ping_status":"closed","template":"","meta":{"footnotes":""},"class_list":["post-356","page","type-page","status-publish","hentry"],"yoast_head":"<!-- This site is optimized with the Yoast SEO plugin v24.6 - https:\/\/yoast.com\/wordpress\/plugins\/seo\/ -->\n<title>Termini di Servizio | Gelateria Artigianale La Pecora Nera Olbia<\/title>\n<meta name=\"robots\" content=\"index, follow, max-snippet:-1, max-image-preview:large, max-video-preview:-1\" \/>\n<link rel=\"canonical\" href=\"https:\/\/gelateriapecoranera.com\/fr\/termini-di-servizio-gelateria-artigianale-la-pecora-nera-olbia\/\" \/>\n<meta property=\"og:locale\" content=\"fr_FR\" \/>\n<meta property=\"og:type\" content=\"article\" \/>\n<meta property=\"og:title\" content=\"Termini di Servizio | Gelateria Artigianale La Pecora Nera Olbia\" \/>\n<meta property=\"og:description\" content=\"Termini di servizio Ultimo aggiornamento: 03\/03\/2025 Benvenuto sul sito web di La Pecora Nera di Corrias Raffaela. Utilizzando il nostro sito e i nostri servizi, accetti i seguenti Termini di Servizio. Ti invitiamo a leggerli attentamente prima di procedere con l\u2019uso del sito. 1. INFORMAZIONI GENERALI Il sito web www.gelateriapecoranera.com\u00a0\u00e8 gestito da La Pecora Nera [&hellip;]\" \/>\n<meta property=\"og:url\" content=\"https:\/\/gelateriapecoranera.com\/fr\/termini-di-servizio-gelateria-artigianale-la-pecora-nera-olbia\/\" \/>\n<meta property=\"og:site_name\" content=\"Gelateria Artigianale Pecora Nera Olbia\" \/>\n<meta property=\"article:publisher\" content=\"https:\/\/www.facebook.com\/gelateriapecoranera\" \/>\n<meta property=\"article:modified_time\" content=\"2025-03-10T18:18:57+00:00\" \/>\n<meta name=\"twitter:card\" content=\"summary_large_image\" \/>\n<meta name=\"twitter:label1\" content=\"Dur\u00e9e de lecture estim\u00e9e\" \/>\n\t<meta name=\"twitter:data1\" content=\"3 minutes\" \/>\n<script type=\"application\/ld+json\" class=\"yoast-schema-graph\">{\"@context\":\"https:\/\/schema.org\",\"@graph\":[{\"@type\":\"WebPage\",\"@id\":\"https:\/\/gelateriapecoranera.com\/termini-di-servizio-gelateria-artigianale-la-pecora-nera-olbia\/\",\"url\":\"https:\/\/gelateriapecoranera.com\/termini-di-servizio-gelateria-artigianale-la-pecora-nera-olbia\/\",\"name\":\"Termini di Servizio | Gelateria Artigianale La Pecora Nera Olbia\",\"isPartOf\":{\"@id\":\"https:\/\/gelateriapecoranera.com\/it\/#website\"},\"datePublished\":\"2025-02-22T11:31:31+00:00\",\"dateModified\":\"2025-03-10T18:18:57+00:00\",\"breadcrumb\":{\"@id\":\"https:\/\/gelateriapecoranera.com\/termini-di-servizio-gelateria-artigianale-la-pecora-nera-olbia\/#breadcrumb\"},\"inLanguage\":\"fr-FR\",\"potentialAction\":[{\"@type\":\"ReadAction\",\"target\":[\"https:\/\/gelateriapecoranera.com\/termini-di-servizio-gelateria-artigianale-la-pecora-nera-olbia\/\"]}]},{\"@type\":\"BreadcrumbList\",\"@id\":\"https:\/\/gelateriapecoranera.com\/termini-di-servizio-gelateria-artigianale-la-pecora-nera-olbia\/#breadcrumb\",\"itemListElement\":[{\"@type\":\"ListItem\",\"position\":1,\"name\":\"Home\",\"item\":\"https:\/\/gelateriapecoranera.com\/\"},{\"@type\":\"ListItem\",\"position\":2,\"name\":\"Termini di Servizio | Gelateria Artigianale La Pecora Nera Olbia\"}]},{\"@type\":\"WebSite\",\"@id\":\"https:\/\/gelateriapecoranera.com\/it\/#website\",\"url\":\"https:\/\/gelateriapecoranera.com\/it\/\",\"name\":\"Gelateria Artigianale Pecora Nera Olbia\",\"description\":\"\",\"publisher\":{\"@id\":\"https:\/\/gelateriapecoranera.com\/it\/#organization\"},\"potentialAction\":[{\"@type\":\"SearchAction\",\"target\":{\"@type\":\"EntryPoint\",\"urlTemplate\":\"https:\/\/gelateriapecoranera.com\/it\/?s={search_term_string}\"},\"query-input\":{\"@type\":\"PropertyValueSpecification\",\"valueRequired\":true,\"valueName\":\"search_term_string\"}}],\"inLanguage\":\"fr-FR\"},{\"@type\":\"Organization\",\"@id\":\"https:\/\/gelateriapecoranera.com\/it\/#organization\",\"name\":\"Gelateria Artigianale Pecora Nera Olbia\",\"url\":\"https:\/\/gelateriapecoranera.com\/it\/\",\"logo\":{\"@type\":\"ImageObject\",\"inLanguage\":\"fr-FR\",\"@id\":\"https:\/\/gelateriapecoranera.com\/it\/#\/schema\/logo\/image\/\",\"url\":\"https:\/\/gelateriapecoranera.com\/wp-content\/uploads\/2024\/11\/Logo-gelateria-artigianale-la-pacora-nera-olbia.png\",\"contentUrl\":\"https:\/\/gelateriapecoranera.com\/wp-content\/uploads\/2024\/11\/Logo-gelateria-artigianale-la-pacora-nera-olbia.png\",\"width\":100,\"height\":122,\"caption\":\"Gelateria Artigianale Pecora Nera Olbia\"},\"image\":{\"@id\":\"https:\/\/gelateriapecoranera.com\/it\/#\/schema\/logo\/image\/\"},\"sameAs\":[\"https:\/\/www.facebook.com\/gelateriapecoranera\",\"https:\/\/www.instagram.com\/gelateria_pecoranera\/\"]}]}<\/script>\n<!-- \/ Yoast SEO plugin. -->","yoast_head_json":{"title":"Termini di Servizio | Gelateria Artigianale La Pecora Nera Olbia","robots":{"index":"index","follow":"follow","max-snippet":"max-snippet:-1","max-image-preview":"max-image-preview:large","max-video-preview":"max-video-preview:-1"},"canonical":"https:\/\/gelateriapecoranera.com\/fr\/termini-di-servizio-gelateria-artigianale-la-pecora-nera-olbia\/","og_locale":"fr_FR","og_type":"article","og_title":"Termini di Servizio | Gelateria Artigianale La Pecora Nera Olbia","og_description":"Termini di servizio Ultimo aggiornamento: 03\/03\/2025 Benvenuto sul sito web di La Pecora Nera di Corrias Raffaela. Utilizzando il nostro sito e i nostri servizi, accetti i seguenti Termini di Servizio. Ti invitiamo a leggerli attentamente prima di procedere con l\u2019uso del sito. 1. INFORMAZIONI GENERALI Il sito web www.gelateriapecoranera.com\u00a0\u00e8 gestito da La Pecora Nera [&hellip;]","og_url":"https:\/\/gelateriapecoranera.com\/fr\/termini-di-servizio-gelateria-artigianale-la-pecora-nera-olbia\/","og_site_name":"Gelateria Artigianale Pecora Nera Olbia","article_publisher":"https:\/\/www.facebook.com\/gelateriapecoranera","article_modified_time":"2025-03-10T18:18:57+00:00","twitter_card":"summary_large_image","twitter_misc":{"Dur\u00e9e de lecture estim\u00e9e":"3 minutes"},"schema":{"@context":"https:\/\/schema.org","@graph":[{"@type":"WebPage","@id":"https:\/\/gelateriapecoranera.com\/termini-di-servizio-gelateria-artigianale-la-pecora-nera-olbia\/","url":"https:\/\/gelateriapecoranera.com\/termini-di-servizio-gelateria-artigianale-la-pecora-nera-olbia\/","name":"Termini di Servizio | Gelateria Artigianale La Pecora Nera Olbia","isPartOf":{"@id":"https:\/\/gelateriapecoranera.com\/it\/#website"},"datePublished":"2025-02-22T11:31:31+00:00","dateModified":"2025-03-10T18:18:57+00:00","breadcrumb":{"@id":"https:\/\/gelateriapecoranera.com\/termini-di-servizio-gelateria-artigianale-la-pecora-nera-olbia\/#breadcrumb"},"inLanguage":"fr-FR","potentialAction":[{"@type":"ReadAction","target":["https:\/\/gelateriapecoranera.com\/termini-di-servizio-gelateria-artigianale-la-pecora-nera-olbia\/"]}]},{"@type":"BreadcrumbList","@id":"https:\/\/gelateriapecoranera.com\/termini-di-servizio-gelateria-artigianale-la-pecora-nera-olbia\/#breadcrumb","itemListElement":[{"@type":"ListItem","position":1,"name":"Home","item":"https:\/\/gelateriapecoranera.com\/"},{"@type":"ListItem","position":2,"name":"Termini di Servizio | Gelateria Artigianale La Pecora Nera Olbia"}]},{"@type":"WebSite","@id":"https:\/\/gelateriapecoranera.com\/it\/#website","url":"https:\/\/gelateriapecoranera.com\/it\/","name":"Gelateria Artigianale Pecora Nera Olbia","description":"","publisher":{"@id":"https:\/\/gelateriapecoranera.com\/it\/#organization"},"potentialAction":[{"@type":"SearchAction","target":{"@type":"EntryPoint","urlTemplate":"https:\/\/gelateriapecoranera.com\/it\/?s={search_term_string}"},"query-input":{"@type":"PropertyValueSpecification","valueRequired":true,"valueName":"search_term_string"}}],"inLanguage":"fr-FR"},{"@type":"Organization","@id":"https:\/\/gelateriapecoranera.com\/it\/#organization","name":"Gelateria Artigianale Pecora Nera Olbia","url":"https:\/\/gelateriapecoranera.com\/it\/","logo":{"@type":"ImageObject","inLanguage":"fr-FR","@id":"https:\/\/gelateriapecoranera.com\/it\/#\/schema\/logo\/image\/","url":"https:\/\/gelateriapecoranera.com\/wp-content\/uploads\/2024\/11\/Logo-gelateria-artigianale-la-pacora-nera-olbia.png","contentUrl":"https:\/\/gelateriapecoranera.com\/wp-content\/uploads\/2024\/11\/Logo-gelateria-artigianale-la-pacora-nera-olbia.png","width":100,"height":122,"caption":"Gelateria Artigianale Pecora Nera Olbia"},"image":{"@id":"https:\/\/gelateriapecoranera.com\/it\/#\/schema\/logo\/image\/"},"sameAs":["https:\/\/www.facebook.com\/gelateriapecoranera","https:\/\/www.instagram.com\/gelateria_pecoranera\/"]}]}},"_links":{"self":[{"href":"https:\/\/gelateriapecoranera.com\/fr\/wp-json\/wp\/v2\/pages\/356","targetHints":{"allow":["GET"]}}],"collection":[{"href":"https:\/\/gelateriapecoranera.com\/fr\/wp-json\/wp\/v2\/pages"}],"about":[{"href":"https:\/\/gelateriapecoranera.com\/fr\/wp-json\/wp\/v2\/types\/page"}],"author":[{"embeddable":true,"href":"https:\/\/gelateriapecoranera.com\/fr\/wp-json\/wp\/v2\/users\/1"}],"replies":[{"embeddable":true,"href":"https:\/\/gelateriapecoranera.com\/fr\/wp-json\/wp\/v2\/comments?post=356"}],"version-history":[{"count":8,"href":"https:\/\/gelateriapecoranera.com\/fr\/wp-json\/wp\/v2\/pages\/356\/revisions"}],"predecessor-version":[{"id":545,"href":"https:\/\/gelateriapecoranera.com\/fr\/wp-json\/wp\/v2\/pages\/356\/revisions\/545"}],"wp:attachment":[{"href":"https:\/\/gelateriapecoranera.com\/fr\/wp-json\/wp\/v2\/media?parent=356"}],"curies":[{"name":"wp","href":"https:\/\/api.w.org\/{rel}","templated":true}]}}