{"id":354,"date":"2025-02-22T11:31:09","date_gmt":"2025-02-22T11:31:09","guid":{"rendered":"https:\/\/gelateriapecoranera.com\/?page_id=354"},"modified":"2025-03-10T18:18:20","modified_gmt":"2025-03-10T18:18:20","slug":"privacy-policy-gelateria-artigianale-la-pecora-nera-olbia","status":"publish","type":"page","link":"https:\/\/gelateriapecoranera.com\/fr\/privacy-policy-gelateria-artigianale-la-pecora-nera-olbia\/","title":{"rendered":"Politique de confidentialit\u00e9 | Gelateria Artigianale La Pecora Nera Olbia"},"content":{"rendered":"<div data-elementor-type=\"wp-page\" data-elementor-id=\"354\" class=\"elementor elementor-354\">\n\t\t\t\t<div data-particle_enable=\"false\" data-particle-mobile-disabled=\"false\" class=\"elementor-element elementor-element-553b596 e-flex e-con-boxed e-con e-parent\" data-id=\"553b596\" data-element_type=\"container\">\n\t\t\t\t\t<div class=\"e-con-inner\">\n\t\t\t\t<div class=\"elementor-element elementor-element-414ffd6 elementor-widget elementor-widget-heading\" data-id=\"414ffd6\" data-element_type=\"widget\" data-widget_type=\"heading.default\">\n\t\t\t\t<div class=\"elementor-widget-container\">\n\t\t\t<h1 class=\"elementor-heading-title elementor-size-default\">Politique de confidentialit\u00e9<\/h1>\t\t<\/div>\n\t\t\t\t<\/div>\n\t\t\t\t<div class=\"elementor-element elementor-element-810aff2 elementor-widget elementor-widget-text-editor\" data-id=\"810aff2\" data-element_type=\"widget\" data-widget_type=\"text-editor.default\">\n\t\t\t\t<div class=\"elementor-widget-container\">\n\t\t\t\t\t\t\t<p><strong>Derni\u00e8re mise \u00e0 jour :<\/strong> 03\/03\/2025<\/p><p>La pr\u00e9sente politique de confidentialit\u00e9 d\u00e9crit la mani\u00e8re dont les donn\u00e9es \u00e0 caract\u00e8re personnel des utilisateurs qui visitent le site web de <strong>Le mouton noir de Corrias Raffaela<\/strong>\u00e9tablie en <strong>Via Galvani 70, 07026 - Olbia (SS)<\/strong>, <strong>Code fiscal : CRRRFL74H63G015N<\/strong>, <strong>Num\u00e9ro de TVA : 02515130900<\/strong> (ci-apr\u00e8s d\u00e9nomm\u00e9 \"contr\u00f4leur des donn\u00e9es\").<\/p><hr \/><h3><strong>1. TYPE DE DONN\u00c9ES COLLECT\u00c9ES<\/strong><\/h3><p>Le contr\u00f4leur collecte et traite les cat\u00e9gories de donn\u00e9es \u00e0 caract\u00e8re personnel suivantes :<\/p><ul><li><strong>Identification et coordonn\u00e9es<\/strong>nom, courriel, num\u00e9ro de t\u00e9l\u00e9phone, adresse compl\u00e8te.<\/li><li><strong>Donn\u00e9es de navigation<\/strong>: informations collect\u00e9es automatiquement via des cookies et des outils d'analyse (Google Analytics, Facebook Pixel, Hotjar).<\/li><li><strong>Donn\u00e9es marketing<\/strong>les informations relatives aux pr\u00e9f\u00e9rences des utilisateurs \u00e0 des fins promotionnelles (marketing par courrier \u00e9lectronique et par SMS).<\/li><\/ul><p><strong>Aucune donn\u00e9e sensible n'est collect\u00e9e<\/strong> (par exemple, donn\u00e9es sur la sant\u00e9, croyances religieuses, etc.)<\/p><hr \/><h3><strong>2. FINALIT\u00c9 DU TRAITEMENT<\/strong><\/h3><p>Les donn\u00e9es personnelles sont collect\u00e9es aux fins suivantes :<\/p><ul><li><strong>Gestion des commandes et des demandes des utilisateurs<\/strong>;<\/li><li><strong>Marketing et promotions<\/strong> (y compris le marketing par courrier \u00e9lectronique et le marketing par SMS) ;<\/li><li><strong>Abonnement \u00e0 la lettre d'information<\/strong>;<\/li><li><strong>Service \u00e0 la client\u00e8le<\/strong>;<\/li><li><strong>Analyse statistique du site web<\/strong> (suivi du comportement des utilisateurs \u00e0 l'aide d'outils d'analyse tels que Google Analytics, Facebook Pixel, Hotjar).<\/li><\/ul><p>Les donn\u00e9es sont trait\u00e9es exclusivement sur la base de la <strong>consentement de l'utilisateur<\/strong>.<\/p><hr \/><h3><strong>3. MODE DE COLLECTE DES DONN\u00c9ES<\/strong><\/h3><p>Les donn\u00e9es personnelles sont collect\u00e9es par l'interm\u00e9diaire de<\/p><ul><li><strong>Formulaire de contact<\/strong>;<\/li><li><strong>Abonnement \u00e0 la lettre d'information<\/strong>;<\/li><li><strong>Achats effectu\u00e9s sur le site<\/strong>;<\/li><li><strong>Cookies et outils d'analyse (Google Analytics, Facebook Pixel, Hotjar).<\/strong><\/li><\/ul><hr \/><h3><strong>4. PARTAGE DE DONN\u00c9ES AVEC DES TIERS<\/strong><\/h3><p>Les donn\u00e9es personnelles peuvent \u00eatre partag\u00e9es avec :<\/p><ul><li><strong>Services de marketing par courrier \u00e9lectronique<\/strong>;<\/li><li><strong>Google Analytics<\/strong>;<\/li><li><strong>Pixel Facebook<\/strong>;<\/li><li><strong>Logiciel de marketing par SMS<\/strong>.<\/li><\/ul><p>Les donn\u00e9es ne seront en aucun cas transmises \u00e0 des tiers \u00e0 des fins qui ne sont pas express\u00e9ment mentionn\u00e9es dans la pr\u00e9sente politique de confidentialit\u00e9.<\/p><hr \/><h3><strong>5. CONSERVATION DES DONN\u00c9ES<\/strong><\/h3><p>Les donn\u00e9es \u00e0 caract\u00e8re personnel sont conserv\u00e9es au sein du<strong>Union europ\u00e9enne (UE)<\/strong> et sera trait\u00e9e jusqu'\u00e0 ce que le <strong>retrait du consentement<\/strong> par l'utilisateur.<\/p><hr \/><h3><strong>6. DROITS DE L'UTILISATEUR<\/strong><\/h3><p>Les utilisateurs ont le droit de :<\/p><ul><li><strong>Acc\u00e9der \u00e0 vos donn\u00e9es<\/strong>;<\/li><li><strong>Demander la correction ou la suppression de donn\u00e9es<\/strong>;<\/li><li><strong>Opposition au traitement \u00e0 des fins de marketing<\/strong>;<\/li><li><strong>Demander la portabilit\u00e9 des donn\u00e9es<\/strong>;<\/li><li><strong>Limitation du traitement des donn\u00e9es<\/strong>.<\/li><\/ul><p>Pour exercer vos droits, vous pouvez envoyer une demande \u00e9crite \u00e0 l'adresse \u00e9lectronique : <strong><a href=\"mailto:raffaelacorrias@pec.it\">raffaelacorrias@pec.it<\/a><\/strong>.<\/p><hr \/><h3><strong>7. RESPONSABLE DU TRAITEMENT DES DONN\u00c9ES<\/strong><\/h3><p>Le responsable du traitement des donn\u00e9es est <strong>Le mouton noir de Corrias Raffaela<\/strong>dont le si\u00e8ge social est situ\u00e9 \u00e0 <strong>Via Galvani 70, 07026 - Olbia (SS)<\/strong>. Un d\u00e9l\u00e9gu\u00e9 \u00e0 la protection des donn\u00e9es (DPD) n'a pas \u00e9t\u00e9 d\u00e9sign\u00e9.<\/p><hr \/><h3><strong>8. POLITIQUE EN MATI\u00c8RE DE COOKIES<\/strong><\/h3><p>Le site utilise des cookies pour am\u00e9liorer l'exp\u00e9rience de navigation. Les types de cookies utilis\u00e9s sont les suivants :<\/p><ul><li><strong>Cookies techniques<\/strong> (n\u00e9cessaires au fonctionnement du site) ;<\/li><li><strong>Cookies de profilage<\/strong> (utilis\u00e9 pour personnaliser le contenu et les offres) ;<\/li><li><strong>Cookies de tiers<\/strong> (par exemple, Google Analytics, Facebook Pixel, Hotjar).<\/li><\/ul><p>Pour plus d'informations, veuillez consulter le site <strong>Politique en mati\u00e8re de cookies<\/strong> disponibles sur le site.<\/p><hr \/><h3><strong>9. MODIFICATIONS DE LA POLITIQUE DE CONFIDENTIALIT\u00c9<\/strong><\/h3><p>Le propri\u00e9taire se r\u00e9serve le droit de modifier cette politique de confidentialit\u00e9 \u00e0 tout moment. Les utilisateurs en seront inform\u00e9s par des mises \u00e0 jour publi\u00e9es sur le site.<\/p><hr \/><p>Si vous avez des questions concernant la pr\u00e9sente politique de confidentialit\u00e9, vous pouvez nous contacter par courrier \u00e9lectronique : <strong><a href=\"mailto:raffaelacorrias@pec.it\">raffaelacorrias@pec.it<\/a><\/strong>.<\/p>\t\t\t\t\t\t<\/div>\n\t\t\t\t<\/div>\n\t\t\t\t\t<\/div>\n\t\t\t\t<\/div>\n\t\t\t\t<\/div>","protected":false},"excerpt":{"rendered":"<p>Politique de confidentialit\u00e9 Derni\u00e8re mise \u00e0 jour : 03\/03\/2025 Cette politique de confidentialit\u00e9 d\u00e9crit les m\u00e9thodes de collecte, d'utilisation et de traitement des donn\u00e9es personnelles des utilisateurs qui visitent le site Web de La Pecora Nera di Corrias Raffaela, bas\u00e9e \u00e0 Via Galvani 70, 07026 - Olbia (SS), Code fiscal : CRRRFL74H63G015N, N\u00b0 de TVA : 02515130900 (ci-apr\u00e8s d\u00e9nomm\u00e9e \"Responsable du traitement\"). [...]<\/p>","protected":false},"author":1,"featured_media":0,"parent":0,"menu_order":0,"comment_status":"closed","ping_status":"closed","template":"","meta":{"footnotes":""},"class_list":["post-354","page","type-page","status-publish","hentry"],"yoast_head":"<!-- This site is optimized with the Yoast SEO plugin v24.6 - https:\/\/yoast.com\/wordpress\/plugins\/seo\/ -->\n<title>Privacy Policy | Gelateria Artigianale La Pecora Nera Olbia<\/title>\n<meta name=\"robots\" content=\"index, follow, max-snippet:-1, max-image-preview:large, max-video-preview:-1\" \/>\n<link rel=\"canonical\" href=\"https:\/\/gelateriapecoranera.com\/fr\/privacy-policy-gelateria-artigianale-la-pecora-nera-olbia\/\" \/>\n<meta property=\"og:locale\" content=\"fr_FR\" \/>\n<meta property=\"og:type\" content=\"article\" \/>\n<meta property=\"og:title\" content=\"Privacy Policy | Gelateria Artigianale La Pecora Nera Olbia\" \/>\n<meta property=\"og:description\" content=\"Privacy Policy Ultimo aggiornamento: 03\/03\/2025 La presente Privacy Policy descrive le modalit\u00e0 di raccolta, utilizzo e trattamento dei dati personali degli utenti che visitano il sito web di La Pecora Nera di Corrias Raffaela, con sede in Via Galvani 70, 07026 &#8211; Olbia (SS), Codice Fiscale: CRRRFL74H63G015N, Partita IVA: 02515130900 (di seguito &#8220;Titolare del Trattamento&#8221;). [&hellip;]\" \/>\n<meta property=\"og:url\" content=\"https:\/\/gelateriapecoranera.com\/fr\/privacy-policy-gelateria-artigianale-la-pecora-nera-olbia\/\" \/>\n<meta property=\"og:site_name\" content=\"Gelateria Artigianale Pecora Nera Olbia\" \/>\n<meta property=\"article:publisher\" content=\"https:\/\/www.facebook.com\/gelateriapecoranera\" \/>\n<meta property=\"article:modified_time\" content=\"2025-03-10T18:18:20+00:00\" \/>\n<meta name=\"twitter:card\" content=\"summary_large_image\" \/>\n<meta name=\"twitter:label1\" content=\"Dur\u00e9e de lecture estim\u00e9e\" \/>\n\t<meta name=\"twitter:data1\" content=\"3 minutes\" \/>\n<script type=\"application\/ld+json\" class=\"yoast-schema-graph\">{\"@context\":\"https:\/\/schema.org\",\"@graph\":[{\"@type\":\"WebPage\",\"@id\":\"https:\/\/gelateriapecoranera.com\/privacy-policy-gelateria-artigianale-la-pecora-nera-olbia\/\",\"url\":\"https:\/\/gelateriapecoranera.com\/privacy-policy-gelateria-artigianale-la-pecora-nera-olbia\/\",\"name\":\"Privacy Policy | Gelateria Artigianale La Pecora Nera Olbia\",\"isPartOf\":{\"@id\":\"https:\/\/gelateriapecoranera.com\/it\/#website\"},\"datePublished\":\"2025-02-22T11:31:09+00:00\",\"dateModified\":\"2025-03-10T18:18:20+00:00\",\"breadcrumb\":{\"@id\":\"https:\/\/gelateriapecoranera.com\/privacy-policy-gelateria-artigianale-la-pecora-nera-olbia\/#breadcrumb\"},\"inLanguage\":\"fr-FR\",\"potentialAction\":[{\"@type\":\"ReadAction\",\"target\":[\"https:\/\/gelateriapecoranera.com\/privacy-policy-gelateria-artigianale-la-pecora-nera-olbia\/\"]}]},{\"@type\":\"BreadcrumbList\",\"@id\":\"https:\/\/gelateriapecoranera.com\/privacy-policy-gelateria-artigianale-la-pecora-nera-olbia\/#breadcrumb\",\"itemListElement\":[{\"@type\":\"ListItem\",\"position\":1,\"name\":\"Home\",\"item\":\"https:\/\/gelateriapecoranera.com\/\"},{\"@type\":\"ListItem\",\"position\":2,\"name\":\"Privacy Policy | Gelateria Artigianale La Pecora Nera Olbia\"}]},{\"@type\":\"WebSite\",\"@id\":\"https:\/\/gelateriapecoranera.com\/it\/#website\",\"url\":\"https:\/\/gelateriapecoranera.com\/it\/\",\"name\":\"Gelateria Artigianale Pecora Nera Olbia\",\"description\":\"\",\"publisher\":{\"@id\":\"https:\/\/gelateriapecoranera.com\/it\/#organization\"},\"potentialAction\":[{\"@type\":\"SearchAction\",\"target\":{\"@type\":\"EntryPoint\",\"urlTemplate\":\"https:\/\/gelateriapecoranera.com\/it\/?s={search_term_string}\"},\"query-input\":{\"@type\":\"PropertyValueSpecification\",\"valueRequired\":true,\"valueName\":\"search_term_string\"}}],\"inLanguage\":\"fr-FR\"},{\"@type\":\"Organization\",\"@id\":\"https:\/\/gelateriapecoranera.com\/it\/#organization\",\"name\":\"Gelateria Artigianale Pecora Nera Olbia\",\"url\":\"https:\/\/gelateriapecoranera.com\/it\/\",\"logo\":{\"@type\":\"ImageObject\",\"inLanguage\":\"fr-FR\",\"@id\":\"https:\/\/gelateriapecoranera.com\/it\/#\/schema\/logo\/image\/\",\"url\":\"https:\/\/gelateriapecoranera.com\/wp-content\/uploads\/2024\/11\/Logo-gelateria-artigianale-la-pacora-nera-olbia.png\",\"contentUrl\":\"https:\/\/gelateriapecoranera.com\/wp-content\/uploads\/2024\/11\/Logo-gelateria-artigianale-la-pacora-nera-olbia.png\",\"width\":100,\"height\":122,\"caption\":\"Gelateria Artigianale Pecora Nera Olbia\"},\"image\":{\"@id\":\"https:\/\/gelateriapecoranera.com\/it\/#\/schema\/logo\/image\/\"},\"sameAs\":[\"https:\/\/www.facebook.com\/gelateriapecoranera\",\"https:\/\/www.instagram.com\/gelateria_pecoranera\/\"]}]}<\/script>\n<!-- \/ Yoast SEO plugin. -->","yoast_head_json":{"title":"Privacy Policy | Gelateria Artigianale La Pecora Nera Olbia","robots":{"index":"index","follow":"follow","max-snippet":"max-snippet:-1","max-image-preview":"max-image-preview:large","max-video-preview":"max-video-preview:-1"},"canonical":"https:\/\/gelateriapecoranera.com\/fr\/privacy-policy-gelateria-artigianale-la-pecora-nera-olbia\/","og_locale":"fr_FR","og_type":"article","og_title":"Privacy Policy | Gelateria Artigianale La Pecora Nera Olbia","og_description":"Privacy Policy Ultimo aggiornamento: 03\/03\/2025 La presente Privacy Policy descrive le modalit\u00e0 di raccolta, utilizzo e trattamento dei dati personali degli utenti che visitano il sito web di La Pecora Nera di Corrias Raffaela, con sede in Via Galvani 70, 07026 &#8211; Olbia (SS), Codice Fiscale: CRRRFL74H63G015N, Partita IVA: 02515130900 (di seguito &#8220;Titolare del Trattamento&#8221;). [&hellip;]","og_url":"https:\/\/gelateriapecoranera.com\/fr\/privacy-policy-gelateria-artigianale-la-pecora-nera-olbia\/","og_site_name":"Gelateria Artigianale Pecora Nera Olbia","article_publisher":"https:\/\/www.facebook.com\/gelateriapecoranera","article_modified_time":"2025-03-10T18:18:20+00:00","twitter_card":"summary_large_image","twitter_misc":{"Dur\u00e9e de lecture estim\u00e9e":"3 minutes"},"schema":{"@context":"https:\/\/schema.org","@graph":[{"@type":"WebPage","@id":"https:\/\/gelateriapecoranera.com\/privacy-policy-gelateria-artigianale-la-pecora-nera-olbia\/","url":"https:\/\/gelateriapecoranera.com\/privacy-policy-gelateria-artigianale-la-pecora-nera-olbia\/","name":"Privacy Policy | Gelateria Artigianale La Pecora Nera Olbia","isPartOf":{"@id":"https:\/\/gelateriapecoranera.com\/it\/#website"},"datePublished":"2025-02-22T11:31:09+00:00","dateModified":"2025-03-10T18:18:20+00:00","breadcrumb":{"@id":"https:\/\/gelateriapecoranera.com\/privacy-policy-gelateria-artigianale-la-pecora-nera-olbia\/#breadcrumb"},"inLanguage":"fr-FR","potentialAction":[{"@type":"ReadAction","target":["https:\/\/gelateriapecoranera.com\/privacy-policy-gelateria-artigianale-la-pecora-nera-olbia\/"]}]},{"@type":"BreadcrumbList","@id":"https:\/\/gelateriapecoranera.com\/privacy-policy-gelateria-artigianale-la-pecora-nera-olbia\/#breadcrumb","itemListElement":[{"@type":"ListItem","position":1,"name":"Home","item":"https:\/\/gelateriapecoranera.com\/"},{"@type":"ListItem","position":2,"name":"Privacy Policy | Gelateria Artigianale La Pecora Nera Olbia"}]},{"@type":"WebSite","@id":"https:\/\/gelateriapecoranera.com\/it\/#website","url":"https:\/\/gelateriapecoranera.com\/it\/","name":"Gelateria Artigianale Pecora Nera Olbia","description":"","publisher":{"@id":"https:\/\/gelateriapecoranera.com\/it\/#organization"},"potentialAction":[{"@type":"SearchAction","target":{"@type":"EntryPoint","urlTemplate":"https:\/\/gelateriapecoranera.com\/it\/?s={search_term_string}"},"query-input":{"@type":"PropertyValueSpecification","valueRequired":true,"valueName":"search_term_string"}}],"inLanguage":"fr-FR"},{"@type":"Organization","@id":"https:\/\/gelateriapecoranera.com\/it\/#organization","name":"Gelateria Artigianale Pecora Nera Olbia","url":"https:\/\/gelateriapecoranera.com\/it\/","logo":{"@type":"ImageObject","inLanguage":"fr-FR","@id":"https:\/\/gelateriapecoranera.com\/it\/#\/schema\/logo\/image\/","url":"https:\/\/gelateriapecoranera.com\/wp-content\/uploads\/2024\/11\/Logo-gelateria-artigianale-la-pacora-nera-olbia.png","contentUrl":"https:\/\/gelateriapecoranera.com\/wp-content\/uploads\/2024\/11\/Logo-gelateria-artigianale-la-pacora-nera-olbia.png","width":100,"height":122,"caption":"Gelateria Artigianale Pecora Nera Olbia"},"image":{"@id":"https:\/\/gelateriapecoranera.com\/it\/#\/schema\/logo\/image\/"},"sameAs":["https:\/\/www.facebook.com\/gelateriapecoranera","https:\/\/www.instagram.com\/gelateria_pecoranera\/"]}]}},"_links":{"self":[{"href":"https:\/\/gelateriapecoranera.com\/fr\/wp-json\/wp\/v2\/pages\/354","targetHints":{"allow":["GET"]}}],"collection":[{"href":"https:\/\/gelateriapecoranera.com\/fr\/wp-json\/wp\/v2\/pages"}],"about":[{"href":"https:\/\/gelateriapecoranera.com\/fr\/wp-json\/wp\/v2\/types\/page"}],"author":[{"embeddable":true,"href":"https:\/\/gelateriapecoranera.com\/fr\/wp-json\/wp\/v2\/users\/1"}],"replies":[{"embeddable":true,"href":"https:\/\/gelateriapecoranera.com\/fr\/wp-json\/wp\/v2\/comments?post=354"}],"version-history":[{"count":5,"href":"https:\/\/gelateriapecoranera.com\/fr\/wp-json\/wp\/v2\/pages\/354\/revisions"}],"predecessor-version":[{"id":544,"href":"https:\/\/gelateriapecoranera.com\/fr\/wp-json\/wp\/v2\/pages\/354\/revisions\/544"}],"wp:attachment":[{"href":"https:\/\/gelateriapecoranera.com\/fr\/wp-json\/wp\/v2\/media?parent=354"}],"curies":[{"name":"wp","href":"https:\/\/api.w.org\/{rel}","templated":true}]}}