{"id":354,"date":"2025-02-22T11:31:09","date_gmt":"2025-02-22T11:31:09","guid":{"rendered":"https:\/\/gelateriapecoranera.com\/?page_id=354"},"modified":"2025-03-10T18:18:20","modified_gmt":"2025-03-10T18:18:20","slug":"privacy-policy-gelateria-artigianale-la-pecora-nera-olbia","status":"publish","type":"page","link":"https:\/\/gelateriapecoranera.com\/es\/privacy-policy-gelateria-artigianale-la-pecora-nera-olbia\/","title":{"rendered":"Pol\u00edtica de privacidad | Gelateria Artigianale La Pecora Nera Olbia"},"content":{"rendered":"<div data-elementor-type=\"wp-page\" data-elementor-id=\"354\" class=\"elementor elementor-354\">\n\t\t\t\t<div data-particle_enable=\"false\" data-particle-mobile-disabled=\"false\" class=\"elementor-element elementor-element-553b596 e-flex e-con-boxed e-con e-parent\" data-id=\"553b596\" data-element_type=\"container\">\n\t\t\t\t\t<div class=\"e-con-inner\">\n\t\t\t\t<div class=\"elementor-element elementor-element-414ffd6 elementor-widget elementor-widget-heading\" data-id=\"414ffd6\" data-element_type=\"widget\" data-widget_type=\"heading.default\">\n\t\t\t\t<div class=\"elementor-widget-container\">\n\t\t\t<h1 class=\"elementor-heading-title elementor-size-default\">Pol\u00edtica de privacidad<\/h1>\t\t<\/div>\n\t\t\t\t<\/div>\n\t\t\t\t<div class=\"elementor-element elementor-element-810aff2 elementor-widget elementor-widget-text-editor\" data-id=\"810aff2\" data-element_type=\"widget\" data-widget_type=\"text-editor.default\">\n\t\t\t\t<div class=\"elementor-widget-container\">\n\t\t\t\t\t\t\t<p><strong>\u00daltima actualizaci\u00f3n:<\/strong> 03\/03\/2025<\/p><p>Esta Pol\u00edtica de Privacidad describe c\u00f3mo se tratan los datos personales de los usuarios que visitan el sitio web de <strong>La oveja negra de Corrias Raffaela<\/strong>establecida en <strong>Via Galvani 70, 07026 - Olbia (SS)<\/strong>, <strong>C\u00f3digo Fiscal: CRRRFL74H63G015N<\/strong>, <strong>N\u00famero de IVA: 02515130900<\/strong> (en lo sucesivo, \"Responsable del tratamiento\").<\/p><hr \/><h3><strong>1. TIPO DE DATOS RECOGIDOS<\/strong><\/h3><p>El responsable del tratamiento recoge y trata las siguientes categor\u00edas de datos personales:<\/p><ul><li><strong>Identificaci\u00f3n y datos de contacto<\/strong>nombre, correo electr\u00f3nico, n\u00famero de tel\u00e9fono y direcci\u00f3n completa.<\/li><li><strong>Datos de navegaci\u00f3n<\/strong>: informaci\u00f3n recopilada autom\u00e1ticamente a trav\u00e9s de cookies y herramientas de an\u00e1lisis (Google Analytics, Facebook Pixel, Hotjar).<\/li><li><strong>Datos comerciales<\/strong>informaci\u00f3n relacionada con las preferencias de los usuarios con fines promocionales (marketing por correo electr\u00f3nico y SMS).<\/li><\/ul><p><strong>No se recogen datos sensibles<\/strong> (por ejemplo, datos sanitarios, creencias religiosas, etc.).<\/p><hr \/><h3><strong>2. FINALIDAD DEL TRATAMIENTO<\/strong><\/h3><p>Los datos personales se recogen con los siguientes fines:<\/p><ul><li><strong>Gesti\u00f3n de pedidos y solicitudes de usuarios<\/strong>;<\/li><li><strong>Marketing y promociones<\/strong> (incluidos el marketing por correo electr\u00f3nico y el marketing por SMS);<\/li><li><strong>Suscripci\u00f3n al bolet\u00edn<\/strong>;<\/li><li><strong>Atenci\u00f3n al cliente<\/strong>;<\/li><li><strong>An\u00e1lisis estad\u00edstico del sitio web<\/strong> (seguimiento del comportamiento de los usuarios mediante herramientas de an\u00e1lisis como Google Analytics, Facebook Pixel, Hotjar).<\/li><\/ul><p>Los datos se tratan exclusivamente sobre la base del <strong>consentimiento del usuario<\/strong>.<\/p><hr \/><h3><strong>3. MODO DE RECOGIDA DE DATOS<\/strong><\/h3><p>Los datos personales se recogen a trav\u00e9s de:<\/p><ul><li><strong>Formulario de contacto<\/strong>;<\/li><li><strong>Suscripci\u00f3n al bolet\u00edn<\/strong>;<\/li><li><strong>Compras realizadas en el sitio web<\/strong>;<\/li><li><strong>Cookies y herramientas de an\u00e1lisis (Google Analytics, Facebook Pixel, Hotjar).<\/strong><\/li><\/ul><hr \/><h3><strong>4. INTERCAMBIO DE DATOS CON TERCEROS<\/strong><\/h3><p>Los datos personales pueden compartirse con:<\/p><ul><li><strong>Servicios de marketing por correo electr\u00f3nico<\/strong>;<\/li><li><strong>Google Analytics<\/strong>;<\/li><li><strong>P\u00edxel de Facebook<\/strong>;<\/li><li><strong>Software de marketing por SMS<\/strong>.<\/li><\/ul><p>En ning\u00fan caso se ceder\u00e1n los datos a terceros para fines no expresamente indicados en la presente Pol\u00edtica de Privacidad.<\/p><hr \/><h3><strong>5. CONSERVACI\u00d3N DE DATOS<\/strong><\/h3><p>Los datos personales se almacenan en<strong>Uni\u00f3n Europea (UE)<\/strong> y ser\u00e1 tratado hasta el <strong>retirada del consentimiento<\/strong> por el usuario.<\/p><hr \/><h3><strong>6. DERECHOS DEL USUARIO<\/strong><\/h3><p>Los usuarios tienen derecho a:<\/p><ul><li><strong>Acceder a sus datos<\/strong>;<\/li><li><strong>Solicitar la rectificaci\u00f3n o supresi\u00f3n de datos<\/strong>;<\/li><li><strong>Oposici\u00f3n al tratamiento con fines comerciales<\/strong>;<\/li><li><strong>Solicitud de portabilidad de datos<\/strong>;<\/li><li><strong>Restricci\u00f3n del tratamiento de datos<\/strong>.<\/li><\/ul><p>Para ejercer sus derechos, puede enviar una solicitud por escrito a la direcci\u00f3n de correo electr\u00f3nico <strong><a href=\"mailto:raffaelacorrias@pec.it\">raffaelacorrias@pec.it<\/a><\/strong>.<\/p><hr \/><h3><strong>7. CONTROLADOR DE DATOS<\/strong><\/h3><p>El responsable del tratamiento de datos es <strong>La oveja negra de Corrias Raffaela<\/strong>con domicilio social en <strong>Via Galvani 70, 07026 - Olbia (SS)<\/strong>. No se ha nombrado a un responsable de la protecci\u00f3n de datos (RPD).<\/p><hr \/><h3><strong>8. POL\u00cdTICA DE COOKIES<\/strong><\/h3><p>El sitio utiliza cookies para mejorar la experiencia de navegaci\u00f3n. Los tipos de cookies utilizados son:<\/p><ul><li><strong>Cookies t\u00e9cnicas<\/strong> (necesario para el funcionamiento del sitio);<\/li><li><strong>Cookies de perfiles<\/strong> (utilizado para personalizar contenidos y ofertas);<\/li><li><strong>Cookies de terceros<\/strong> (por ejemplo, Google Analytics, Facebook Pixel, Hotjar).<\/li><\/ul><p>Para m\u00e1s informaci\u00f3n, consulte el <strong>Pol\u00edtica de cookies<\/strong> disponibles en el sitio.<\/p><hr \/><h3><strong>9. CAMBIOS EN LA POL\u00cdTICA DE PRIVACIDAD<\/strong><\/h3><p>El Propietario se reserva el derecho a modificar esta Pol\u00edtica de Privacidad en cualquier momento. Se informar\u00e1 a los usuarios mediante actualizaciones publicadas en el sitio.<\/p><hr \/><p>Si tiene alguna pregunta sobre esta Pol\u00edtica de privacidad, puede ponerse en contacto con nosotros por correo electr\u00f3nico: <strong><a href=\"mailto:raffaelacorrias@pec.it\">raffaelacorrias@pec.it<\/a><\/strong>.<\/p>\t\t\t\t\t\t<\/div>\n\t\t\t\t<\/div>\n\t\t\t\t\t<\/div>\n\t\t\t\t<\/div>\n\t\t\t\t<\/div>","protected":false},"excerpt":{"rendered":"<p>Pol\u00edtica de Privacidad \u00daltima actualizaci\u00f3n: 03\/03\/2025 Esta Pol\u00edtica de Privacidad describe los m\u00e9todos de recogida, uso y tratamiento de los datos personales de los usuarios que visitan el sitio web de La Pecora Nera di Corrias Raffaela, con sede en Via Galvani 70, 07026 - Olbia (SS), C\u00f3digo Fiscal: CRRRFL74H63G015N, CIF: 02515130900 (en lo sucesivo, \"Responsable del tratamiento\"). [...]<\/p>","protected":false},"author":1,"featured_media":0,"parent":0,"menu_order":0,"comment_status":"closed","ping_status":"closed","template":"","meta":{"footnotes":""},"class_list":["post-354","page","type-page","status-publish","hentry"],"yoast_head":"<!-- This site is optimized with the Yoast SEO plugin v24.6 - https:\/\/yoast.com\/wordpress\/plugins\/seo\/ -->\n<title>Privacy Policy | Gelateria Artigianale La Pecora Nera Olbia<\/title>\n<meta name=\"robots\" content=\"index, follow, max-snippet:-1, max-image-preview:large, max-video-preview:-1\" \/>\n<link rel=\"canonical\" href=\"https:\/\/gelateriapecoranera.com\/es\/privacy-policy-gelateria-artigianale-la-pecora-nera-olbia\/\" \/>\n<meta property=\"og:locale\" content=\"es_ES\" \/>\n<meta property=\"og:type\" content=\"article\" \/>\n<meta property=\"og:title\" content=\"Privacy Policy | Gelateria Artigianale La Pecora Nera Olbia\" \/>\n<meta property=\"og:description\" content=\"Privacy Policy Ultimo aggiornamento: 03\/03\/2025 La presente Privacy Policy descrive le modalit\u00e0 di raccolta, utilizzo e trattamento dei dati personali degli utenti che visitano il sito web di La Pecora Nera di Corrias Raffaela, con sede in Via Galvani 70, 07026 &#8211; Olbia (SS), Codice Fiscale: CRRRFL74H63G015N, Partita IVA: 02515130900 (di seguito &#8220;Titolare del Trattamento&#8221;). [&hellip;]\" \/>\n<meta property=\"og:url\" content=\"https:\/\/gelateriapecoranera.com\/es\/privacy-policy-gelateria-artigianale-la-pecora-nera-olbia\/\" \/>\n<meta property=\"og:site_name\" content=\"Gelateria Artigianale Pecora Nera Olbia\" \/>\n<meta property=\"article:publisher\" content=\"https:\/\/www.facebook.com\/gelateriapecoranera\" \/>\n<meta property=\"article:modified_time\" content=\"2025-03-10T18:18:20+00:00\" \/>\n<meta name=\"twitter:card\" content=\"summary_large_image\" \/>\n<meta name=\"twitter:label1\" content=\"Tiempo de lectura\" \/>\n\t<meta name=\"twitter:data1\" content=\"3 minutos\" \/>\n<script type=\"application\/ld+json\" class=\"yoast-schema-graph\">{\"@context\":\"https:\/\/schema.org\",\"@graph\":[{\"@type\":\"WebPage\",\"@id\":\"https:\/\/gelateriapecoranera.com\/privacy-policy-gelateria-artigianale-la-pecora-nera-olbia\/\",\"url\":\"https:\/\/gelateriapecoranera.com\/privacy-policy-gelateria-artigianale-la-pecora-nera-olbia\/\",\"name\":\"Privacy Policy | Gelateria Artigianale La Pecora Nera Olbia\",\"isPartOf\":{\"@id\":\"https:\/\/gelateriapecoranera.com\/it\/#website\"},\"datePublished\":\"2025-02-22T11:31:09+00:00\",\"dateModified\":\"2025-03-10T18:18:20+00:00\",\"breadcrumb\":{\"@id\":\"https:\/\/gelateriapecoranera.com\/privacy-policy-gelateria-artigianale-la-pecora-nera-olbia\/#breadcrumb\"},\"inLanguage\":\"es\",\"potentialAction\":[{\"@type\":\"ReadAction\",\"target\":[\"https:\/\/gelateriapecoranera.com\/privacy-policy-gelateria-artigianale-la-pecora-nera-olbia\/\"]}]},{\"@type\":\"BreadcrumbList\",\"@id\":\"https:\/\/gelateriapecoranera.com\/privacy-policy-gelateria-artigianale-la-pecora-nera-olbia\/#breadcrumb\",\"itemListElement\":[{\"@type\":\"ListItem\",\"position\":1,\"name\":\"Home\",\"item\":\"https:\/\/gelateriapecoranera.com\/\"},{\"@type\":\"ListItem\",\"position\":2,\"name\":\"Privacy Policy | Gelateria Artigianale La Pecora Nera Olbia\"}]},{\"@type\":\"WebSite\",\"@id\":\"https:\/\/gelateriapecoranera.com\/it\/#website\",\"url\":\"https:\/\/gelateriapecoranera.com\/it\/\",\"name\":\"Gelateria Artigianale Pecora Nera Olbia\",\"description\":\"\",\"publisher\":{\"@id\":\"https:\/\/gelateriapecoranera.com\/it\/#organization\"},\"potentialAction\":[{\"@type\":\"SearchAction\",\"target\":{\"@type\":\"EntryPoint\",\"urlTemplate\":\"https:\/\/gelateriapecoranera.com\/it\/?s={search_term_string}\"},\"query-input\":{\"@type\":\"PropertyValueSpecification\",\"valueRequired\":true,\"valueName\":\"search_term_string\"}}],\"inLanguage\":\"es\"},{\"@type\":\"Organization\",\"@id\":\"https:\/\/gelateriapecoranera.com\/it\/#organization\",\"name\":\"Gelateria Artigianale Pecora Nera Olbia\",\"url\":\"https:\/\/gelateriapecoranera.com\/it\/\",\"logo\":{\"@type\":\"ImageObject\",\"inLanguage\":\"es\",\"@id\":\"https:\/\/gelateriapecoranera.com\/it\/#\/schema\/logo\/image\/\",\"url\":\"https:\/\/gelateriapecoranera.com\/wp-content\/uploads\/2024\/11\/Logo-gelateria-artigianale-la-pacora-nera-olbia.png\",\"contentUrl\":\"https:\/\/gelateriapecoranera.com\/wp-content\/uploads\/2024\/11\/Logo-gelateria-artigianale-la-pacora-nera-olbia.png\",\"width\":100,\"height\":122,\"caption\":\"Gelateria Artigianale Pecora Nera Olbia\"},\"image\":{\"@id\":\"https:\/\/gelateriapecoranera.com\/it\/#\/schema\/logo\/image\/\"},\"sameAs\":[\"https:\/\/www.facebook.com\/gelateriapecoranera\",\"https:\/\/www.instagram.com\/gelateria_pecoranera\/\"]}]}<\/script>\n<!-- \/ Yoast SEO plugin. -->","yoast_head_json":{"title":"Privacy Policy | Gelateria Artigianale La Pecora Nera Olbia","robots":{"index":"index","follow":"follow","max-snippet":"max-snippet:-1","max-image-preview":"max-image-preview:large","max-video-preview":"max-video-preview:-1"},"canonical":"https:\/\/gelateriapecoranera.com\/es\/privacy-policy-gelateria-artigianale-la-pecora-nera-olbia\/","og_locale":"es_ES","og_type":"article","og_title":"Privacy Policy | Gelateria Artigianale La Pecora Nera Olbia","og_description":"Privacy Policy Ultimo aggiornamento: 03\/03\/2025 La presente Privacy Policy descrive le modalit\u00e0 di raccolta, utilizzo e trattamento dei dati personali degli utenti che visitano il sito web di La Pecora Nera di Corrias Raffaela, con sede in Via Galvani 70, 07026 &#8211; Olbia (SS), Codice Fiscale: CRRRFL74H63G015N, Partita IVA: 02515130900 (di seguito &#8220;Titolare del Trattamento&#8221;). [&hellip;]","og_url":"https:\/\/gelateriapecoranera.com\/es\/privacy-policy-gelateria-artigianale-la-pecora-nera-olbia\/","og_site_name":"Gelateria Artigianale Pecora Nera Olbia","article_publisher":"https:\/\/www.facebook.com\/gelateriapecoranera","article_modified_time":"2025-03-10T18:18:20+00:00","twitter_card":"summary_large_image","twitter_misc":{"Tiempo de lectura":"3 minutos"},"schema":{"@context":"https:\/\/schema.org","@graph":[{"@type":"WebPage","@id":"https:\/\/gelateriapecoranera.com\/privacy-policy-gelateria-artigianale-la-pecora-nera-olbia\/","url":"https:\/\/gelateriapecoranera.com\/privacy-policy-gelateria-artigianale-la-pecora-nera-olbia\/","name":"Privacy Policy | Gelateria Artigianale La Pecora Nera Olbia","isPartOf":{"@id":"https:\/\/gelateriapecoranera.com\/it\/#website"},"datePublished":"2025-02-22T11:31:09+00:00","dateModified":"2025-03-10T18:18:20+00:00","breadcrumb":{"@id":"https:\/\/gelateriapecoranera.com\/privacy-policy-gelateria-artigianale-la-pecora-nera-olbia\/#breadcrumb"},"inLanguage":"es","potentialAction":[{"@type":"ReadAction","target":["https:\/\/gelateriapecoranera.com\/privacy-policy-gelateria-artigianale-la-pecora-nera-olbia\/"]}]},{"@type":"BreadcrumbList","@id":"https:\/\/gelateriapecoranera.com\/privacy-policy-gelateria-artigianale-la-pecora-nera-olbia\/#breadcrumb","itemListElement":[{"@type":"ListItem","position":1,"name":"Home","item":"https:\/\/gelateriapecoranera.com\/"},{"@type":"ListItem","position":2,"name":"Privacy Policy | Gelateria Artigianale La Pecora Nera Olbia"}]},{"@type":"WebSite","@id":"https:\/\/gelateriapecoranera.com\/it\/#website","url":"https:\/\/gelateriapecoranera.com\/it\/","name":"Gelateria Artigianale Pecora Nera Olbia","description":"","publisher":{"@id":"https:\/\/gelateriapecoranera.com\/it\/#organization"},"potentialAction":[{"@type":"SearchAction","target":{"@type":"EntryPoint","urlTemplate":"https:\/\/gelateriapecoranera.com\/it\/?s={search_term_string}"},"query-input":{"@type":"PropertyValueSpecification","valueRequired":true,"valueName":"search_term_string"}}],"inLanguage":"es"},{"@type":"Organization","@id":"https:\/\/gelateriapecoranera.com\/it\/#organization","name":"Gelateria Artigianale Pecora Nera Olbia","url":"https:\/\/gelateriapecoranera.com\/it\/","logo":{"@type":"ImageObject","inLanguage":"es","@id":"https:\/\/gelateriapecoranera.com\/it\/#\/schema\/logo\/image\/","url":"https:\/\/gelateriapecoranera.com\/wp-content\/uploads\/2024\/11\/Logo-gelateria-artigianale-la-pacora-nera-olbia.png","contentUrl":"https:\/\/gelateriapecoranera.com\/wp-content\/uploads\/2024\/11\/Logo-gelateria-artigianale-la-pacora-nera-olbia.png","width":100,"height":122,"caption":"Gelateria Artigianale Pecora Nera Olbia"},"image":{"@id":"https:\/\/gelateriapecoranera.com\/it\/#\/schema\/logo\/image\/"},"sameAs":["https:\/\/www.facebook.com\/gelateriapecoranera","https:\/\/www.instagram.com\/gelateria_pecoranera\/"]}]}},"_links":{"self":[{"href":"https:\/\/gelateriapecoranera.com\/es\/wp-json\/wp\/v2\/pages\/354","targetHints":{"allow":["GET"]}}],"collection":[{"href":"https:\/\/gelateriapecoranera.com\/es\/wp-json\/wp\/v2\/pages"}],"about":[{"href":"https:\/\/gelateriapecoranera.com\/es\/wp-json\/wp\/v2\/types\/page"}],"author":[{"embeddable":true,"href":"https:\/\/gelateriapecoranera.com\/es\/wp-json\/wp\/v2\/users\/1"}],"replies":[{"embeddable":true,"href":"https:\/\/gelateriapecoranera.com\/es\/wp-json\/wp\/v2\/comments?post=354"}],"version-history":[{"count":5,"href":"https:\/\/gelateriapecoranera.com\/es\/wp-json\/wp\/v2\/pages\/354\/revisions"}],"predecessor-version":[{"id":544,"href":"https:\/\/gelateriapecoranera.com\/es\/wp-json\/wp\/v2\/pages\/354\/revisions\/544"}],"wp:attachment":[{"href":"https:\/\/gelateriapecoranera.com\/es\/wp-json\/wp\/v2\/media?parent=354"}],"curies":[{"name":"wp","href":"https:\/\/api.w.org\/{rel}","templated":true}]}}