{"id":354,"date":"2025-02-22T11:31:09","date_gmt":"2025-02-22T11:31:09","guid":{"rendered":"https:\/\/gelateriapecoranera.com\/?page_id=354"},"modified":"2025-03-10T18:18:20","modified_gmt":"2025-03-10T18:18:20","slug":"privacy-policy-gelateria-artigianale-la-pecora-nera-olbia","status":"publish","type":"page","link":"https:\/\/gelateriapecoranera.com\/de\/privacy-policy-gelateria-artigianale-la-pecora-nera-olbia\/","title":{"rendered":"Datenschutzpolitik | Gelateria Artigianale La Pecora Nera Olbia"},"content":{"rendered":"<div data-elementor-type=\"wp-page\" data-elementor-id=\"354\" class=\"elementor elementor-354\">\n\t\t\t\t<div data-particle_enable=\"false\" data-particle-mobile-disabled=\"false\" class=\"elementor-element elementor-element-553b596 e-flex e-con-boxed e-con e-parent\" data-id=\"553b596\" data-element_type=\"container\">\n\t\t\t\t\t<div class=\"e-con-inner\">\n\t\t\t\t<div class=\"elementor-element elementor-element-414ffd6 elementor-widget elementor-widget-heading\" data-id=\"414ffd6\" data-element_type=\"widget\" data-widget_type=\"heading.default\">\n\t\t\t\t<div class=\"elementor-widget-container\">\n\t\t\t<h1 class=\"elementor-heading-title elementor-size-default\">Datenschutzbestimmungen<\/h1>\t\t<\/div>\n\t\t\t\t<\/div>\n\t\t\t\t<div class=\"elementor-element elementor-element-810aff2 elementor-widget elementor-widget-text-editor\" data-id=\"810aff2\" data-element_type=\"widget\" data-widget_type=\"text-editor.default\">\n\t\t\t\t<div class=\"elementor-widget-container\">\n\t\t\t\t\t\t\t<p><strong>Zuletzt aktualisiert:<\/strong> 03\/03\/2025<\/p><p>Diese Datenschutzerkl\u00e4rung beschreibt, wie die personenbezogenen Daten der Nutzer, die die Website von <strong>Das schwarze Schaf von Corrias Raffaela<\/strong>gegr\u00fcndet in <strong>Via Galvani 70, 07026 - Olbia (SS)<\/strong>, <strong>Steuernummer: CRRRFL74H63G015N<\/strong>, <strong>MwSt.-Nummer: 02515130900<\/strong> (nachstehend \"f\u00fcr die Verarbeitung Verantwortlicher\" genannt).<\/p><hr \/><h3><strong>1. ART DER ERHOBENEN DATEN<\/strong><\/h3><p>Der f\u00fcr die Verarbeitung Verantwortliche erhebt und verarbeitet die folgenden Kategorien personenbezogener Daten:<\/p><ul><li><strong>Identifizierung und Kontaktangaben<\/strong>Name, E-Mail, Telefonnummer, vollst\u00e4ndige Anschrift.<\/li><li><strong>Daten zur Navigation<\/strong>: automatisch \u00fcber Cookies und Analysetools (Google Analytics, Facebook Pixel, Hotjar) gesammelte Informationen.<\/li><li><strong>Marketing-Daten<\/strong>Informationen \u00fcber die Pr\u00e4ferenzen der Nutzer f\u00fcr Werbezwecke (E-Mail- und SMS-Marketing).<\/li><\/ul><p><strong>Es werden keine sensiblen Daten gesammelt<\/strong> (z. B. Gesundheitsdaten, religi\u00f6se \u00dcberzeugungen usw.).<\/p><hr \/><h3><strong>2. ZWECK DER VERARBEITUNG<\/strong><\/h3><p>Personenbezogene Daten werden zu den folgenden Zwecken erhoben:<\/p><ul><li><strong>Verwaltung von Auftr\u00e4gen und Nutzeranfragen<\/strong>;<\/li><li><strong>Marketing und \u00d6ffentlichkeitsarbeit<\/strong> (einschlie\u00dflich E-Mail-Marketing und SMS-Marketing);<\/li><li><strong>Newsletter-Abonnement<\/strong>;<\/li><li><strong>Kundenbetreuung<\/strong>;<\/li><li><strong>Statistische Analyse der Website<\/strong> (\u00dcberwachung des Nutzerverhaltens mit Analysetools wie Google Analytics, Facebook Pixel, Hotjar).<\/li><\/ul><p>Die Verarbeitung der Daten erfolgt ausschlie\u00dflich auf der Grundlage der <strong>Zustimmung der Nutzer<\/strong>.<\/p><hr \/><h3><strong>3. ART DER DATENERHEBUNG<\/strong><\/h3><p>Personenbezogene Daten werden durch:<\/p><ul><li><strong>Kontakt-Formular<\/strong>;<\/li><li><strong>Newsletter-Abonnement<\/strong>;<\/li><li><strong>Auf der Website get\u00e4tigte K\u00e4ufe<\/strong>;<\/li><li><strong>Cookies und Analysetools (Google Analytics, Facebook Pixel, Hotjar).<\/strong><\/li><\/ul><hr \/><h3><strong>4. DATENAUSTAUSCH MIT DRITTEN<\/strong><\/h3><p>Personenbezogene Daten k\u00f6nnen weitergegeben werden an:<\/p><ul><li><strong>E-Mail-Marketingdienste<\/strong>;<\/li><li><strong>Google Analytics<\/strong>;<\/li><li><strong>Facebook-Pixel<\/strong>;<\/li><li><strong>SMS-Marketing-Software<\/strong>.<\/li><\/ul><p>Unter keinen Umst\u00e4nden werden die Daten an Dritte zu Zwecken weitergegeben, die nicht ausdr\u00fccklich in dieser Datenschutzerkl\u00e4rung genannt sind.<\/p><hr \/><h3><strong>5. DATENAUFBEWAHRUNG<\/strong><\/h3><p>Personenbezogene Daten werden im Rahmen der<strong>Europ\u00e4ische Union (EU)<\/strong> und wird behandelt, bis die <strong>Widerruf der Zustimmung<\/strong> durch den Benutzer.<\/p><hr \/><h3><strong>6. BENUTZERRECHTE<\/strong><\/h3><p>Die Nutzer haben das Recht auf:<\/p><ul><li><strong>Zugriff auf Ihre Daten<\/strong>;<\/li><li><strong>Antrag auf Berichtigung oder L\u00f6schung von Daten<\/strong>;<\/li><li><strong>Einspruch gegen die Verarbeitung zu Marketingzwecken<\/strong>;<\/li><li><strong>Beantragung der Daten\u00fcbertragbarkeit<\/strong>;<\/li><li><strong>Einschr\u00e4nkung der Datenverarbeitung<\/strong>.<\/li><\/ul><p>Um Ihre Rechte auszu\u00fcben, k\u00f6nnen Sie einen schriftlichen Antrag an die E-Mail-Adresse senden: <strong><a href=\"mailto:raffaelacorrias@pec.it\">raffaelacorrias@pec.it<\/a><\/strong>.<\/p><hr \/><h3><strong>7. DATENKONTROLLEUR<\/strong><\/h3><p>Der f\u00fcr die Datenverarbeitung Verantwortliche ist <strong>Das schwarze Schaf von Corrias Raffaela<\/strong>mit Sitz in <strong>Via Galvani 70, 07026 - Olbia (SS)<\/strong>. Ein Datenschutzbeauftragter (DSB) wurde nicht ernannt.<\/p><hr \/><h3><strong>8. COOKIE-POLITIK<\/strong><\/h3><p>Die Website verwendet Cookies, um das Browsing-Erlebnis zu verbessern. Es werden folgende Arten von Cookies verwendet:<\/p><ul><li><strong>Technische Cookies<\/strong> (notwendig f\u00fcr das Funktionieren der Website);<\/li><li><strong>Profilierungs-Cookies<\/strong> (f\u00fcr die Anpassung von Inhalten und Angeboten);<\/li><li><strong>Cookies von Dritten<\/strong> (z. B. Google Analytics, Facebook Pixel, Hotjar).<\/li><\/ul><p>F\u00fcr weitere Informationen konsultieren Sie bitte die <strong>Cookie-Richtlinie<\/strong> auf der Website verf\u00fcgbar.<\/p><hr \/><h3><strong>9. \u00c4NDERUNGEN DER DATENSCHUTZPOLITIK<\/strong><\/h3><p>Der Eigent\u00fcmer beh\u00e4lt sich das Recht vor, diese Datenschutzrichtlinie jederzeit zu \u00e4ndern. Die Nutzer werden durch Aktualisierungen auf der Website informiert.<\/p><hr \/><p>Wenn Sie Fragen zu dieser Datenschutzrichtlinie haben, k\u00f6nnen Sie uns per E-Mail kontaktieren: <strong><a href=\"mailto:raffaelacorrias@pec.it\">raffaelacorrias@pec.it<\/a><\/strong>.<\/p>\t\t\t\t\t\t<\/div>\n\t\t\t\t<\/div>\n\t\t\t\t\t<\/div>\n\t\t\t\t<\/div>\n\t\t\t\t<\/div>","protected":false},"excerpt":{"rendered":"<p>Datenschutzerkl\u00e4rung Letzte Aktualisierung: 03\/03\/2025 Diese Datenschutzerkl\u00e4rung beschreibt die Methoden der Erhebung, Nutzung und Verarbeitung personenbezogener Daten von Nutzern, die die Website von La Pecora Nera di Corrias Raffaela, mit Sitz in Via Galvani 70, 07026 - Olbia (SS), Steuernummer: CRRRFL74H63G015N, MwSt.-Nr.: 02515130900 besuchen (im Folgenden als \"Data Controller\" bezeichnet). [...]<\/p>","protected":false},"author":1,"featured_media":0,"parent":0,"menu_order":0,"comment_status":"closed","ping_status":"closed","template":"","meta":{"footnotes":""},"class_list":["post-354","page","type-page","status-publish","hentry"],"yoast_head":"<!-- This site is optimized with the Yoast SEO plugin v24.6 - https:\/\/yoast.com\/wordpress\/plugins\/seo\/ -->\n<title>Privacy Policy | Gelateria Artigianale La Pecora Nera Olbia<\/title>\n<meta name=\"robots\" content=\"index, follow, max-snippet:-1, max-image-preview:large, max-video-preview:-1\" \/>\n<link rel=\"canonical\" href=\"https:\/\/gelateriapecoranera.com\/de\/privacy-policy-gelateria-artigianale-la-pecora-nera-olbia\/\" \/>\n<meta property=\"og:locale\" content=\"de_DE\" \/>\n<meta property=\"og:type\" content=\"article\" \/>\n<meta property=\"og:title\" content=\"Privacy Policy | Gelateria Artigianale La Pecora Nera Olbia\" \/>\n<meta property=\"og:description\" content=\"Privacy Policy Ultimo aggiornamento: 03\/03\/2025 La presente Privacy Policy descrive le modalit\u00e0 di raccolta, utilizzo e trattamento dei dati personali degli utenti che visitano il sito web di La Pecora Nera di Corrias Raffaela, con sede in Via Galvani 70, 07026 &#8211; Olbia (SS), Codice Fiscale: CRRRFL74H63G015N, Partita IVA: 02515130900 (di seguito &#8220;Titolare del Trattamento&#8221;). [&hellip;]\" \/>\n<meta property=\"og:url\" content=\"https:\/\/gelateriapecoranera.com\/de\/privacy-policy-gelateria-artigianale-la-pecora-nera-olbia\/\" \/>\n<meta property=\"og:site_name\" content=\"Gelateria Artigianale Pecora Nera Olbia\" \/>\n<meta property=\"article:publisher\" content=\"https:\/\/www.facebook.com\/gelateriapecoranera\" \/>\n<meta property=\"article:modified_time\" content=\"2025-03-10T18:18:20+00:00\" \/>\n<meta name=\"twitter:card\" content=\"summary_large_image\" \/>\n<meta name=\"twitter:label1\" content=\"Gesch\u00e4tzte Lesezeit\" \/>\n\t<meta name=\"twitter:data1\" content=\"3\u00a0Minuten\" \/>\n<script type=\"application\/ld+json\" class=\"yoast-schema-graph\">{\"@context\":\"https:\/\/schema.org\",\"@graph\":[{\"@type\":\"WebPage\",\"@id\":\"https:\/\/gelateriapecoranera.com\/privacy-policy-gelateria-artigianale-la-pecora-nera-olbia\/\",\"url\":\"https:\/\/gelateriapecoranera.com\/privacy-policy-gelateria-artigianale-la-pecora-nera-olbia\/\",\"name\":\"Privacy Policy | Gelateria Artigianale La Pecora Nera Olbia\",\"isPartOf\":{\"@id\":\"https:\/\/gelateriapecoranera.com\/it\/#website\"},\"datePublished\":\"2025-02-22T11:31:09+00:00\",\"dateModified\":\"2025-03-10T18:18:20+00:00\",\"breadcrumb\":{\"@id\":\"https:\/\/gelateriapecoranera.com\/privacy-policy-gelateria-artigianale-la-pecora-nera-olbia\/#breadcrumb\"},\"inLanguage\":\"de\",\"potentialAction\":[{\"@type\":\"ReadAction\",\"target\":[\"https:\/\/gelateriapecoranera.com\/privacy-policy-gelateria-artigianale-la-pecora-nera-olbia\/\"]}]},{\"@type\":\"BreadcrumbList\",\"@id\":\"https:\/\/gelateriapecoranera.com\/privacy-policy-gelateria-artigianale-la-pecora-nera-olbia\/#breadcrumb\",\"itemListElement\":[{\"@type\":\"ListItem\",\"position\":1,\"name\":\"Home\",\"item\":\"https:\/\/gelateriapecoranera.com\/\"},{\"@type\":\"ListItem\",\"position\":2,\"name\":\"Privacy Policy | Gelateria Artigianale La Pecora Nera Olbia\"}]},{\"@type\":\"WebSite\",\"@id\":\"https:\/\/gelateriapecoranera.com\/it\/#website\",\"url\":\"https:\/\/gelateriapecoranera.com\/it\/\",\"name\":\"Gelateria Artigianale Pecora Nera Olbia\",\"description\":\"\",\"publisher\":{\"@id\":\"https:\/\/gelateriapecoranera.com\/it\/#organization\"},\"potentialAction\":[{\"@type\":\"SearchAction\",\"target\":{\"@type\":\"EntryPoint\",\"urlTemplate\":\"https:\/\/gelateriapecoranera.com\/it\/?s={search_term_string}\"},\"query-input\":{\"@type\":\"PropertyValueSpecification\",\"valueRequired\":true,\"valueName\":\"search_term_string\"}}],\"inLanguage\":\"de\"},{\"@type\":\"Organization\",\"@id\":\"https:\/\/gelateriapecoranera.com\/it\/#organization\",\"name\":\"Gelateria Artigianale Pecora Nera Olbia\",\"url\":\"https:\/\/gelateriapecoranera.com\/it\/\",\"logo\":{\"@type\":\"ImageObject\",\"inLanguage\":\"de\",\"@id\":\"https:\/\/gelateriapecoranera.com\/it\/#\/schema\/logo\/image\/\",\"url\":\"https:\/\/gelateriapecoranera.com\/wp-content\/uploads\/2024\/11\/Logo-gelateria-artigianale-la-pacora-nera-olbia.png\",\"contentUrl\":\"https:\/\/gelateriapecoranera.com\/wp-content\/uploads\/2024\/11\/Logo-gelateria-artigianale-la-pacora-nera-olbia.png\",\"width\":100,\"height\":122,\"caption\":\"Gelateria Artigianale Pecora Nera Olbia\"},\"image\":{\"@id\":\"https:\/\/gelateriapecoranera.com\/it\/#\/schema\/logo\/image\/\"},\"sameAs\":[\"https:\/\/www.facebook.com\/gelateriapecoranera\",\"https:\/\/www.instagram.com\/gelateria_pecoranera\/\"]}]}<\/script>\n<!-- \/ Yoast SEO plugin. -->","yoast_head_json":{"title":"Privacy Policy | Gelateria Artigianale La Pecora Nera Olbia","robots":{"index":"index","follow":"follow","max-snippet":"max-snippet:-1","max-image-preview":"max-image-preview:large","max-video-preview":"max-video-preview:-1"},"canonical":"https:\/\/gelateriapecoranera.com\/de\/privacy-policy-gelateria-artigianale-la-pecora-nera-olbia\/","og_locale":"de_DE","og_type":"article","og_title":"Privacy Policy | Gelateria Artigianale La Pecora Nera Olbia","og_description":"Privacy Policy Ultimo aggiornamento: 03\/03\/2025 La presente Privacy Policy descrive le modalit\u00e0 di raccolta, utilizzo e trattamento dei dati personali degli utenti che visitano il sito web di La Pecora Nera di Corrias Raffaela, con sede in Via Galvani 70, 07026 &#8211; Olbia (SS), Codice Fiscale: CRRRFL74H63G015N, Partita IVA: 02515130900 (di seguito &#8220;Titolare del Trattamento&#8221;). [&hellip;]","og_url":"https:\/\/gelateriapecoranera.com\/de\/privacy-policy-gelateria-artigianale-la-pecora-nera-olbia\/","og_site_name":"Gelateria Artigianale Pecora Nera Olbia","article_publisher":"https:\/\/www.facebook.com\/gelateriapecoranera","article_modified_time":"2025-03-10T18:18:20+00:00","twitter_card":"summary_large_image","twitter_misc":{"Gesch\u00e4tzte Lesezeit":"3\u00a0Minuten"},"schema":{"@context":"https:\/\/schema.org","@graph":[{"@type":"WebPage","@id":"https:\/\/gelateriapecoranera.com\/privacy-policy-gelateria-artigianale-la-pecora-nera-olbia\/","url":"https:\/\/gelateriapecoranera.com\/privacy-policy-gelateria-artigianale-la-pecora-nera-olbia\/","name":"Privacy Policy | Gelateria Artigianale La Pecora Nera Olbia","isPartOf":{"@id":"https:\/\/gelateriapecoranera.com\/it\/#website"},"datePublished":"2025-02-22T11:31:09+00:00","dateModified":"2025-03-10T18:18:20+00:00","breadcrumb":{"@id":"https:\/\/gelateriapecoranera.com\/privacy-policy-gelateria-artigianale-la-pecora-nera-olbia\/#breadcrumb"},"inLanguage":"de","potentialAction":[{"@type":"ReadAction","target":["https:\/\/gelateriapecoranera.com\/privacy-policy-gelateria-artigianale-la-pecora-nera-olbia\/"]}]},{"@type":"BreadcrumbList","@id":"https:\/\/gelateriapecoranera.com\/privacy-policy-gelateria-artigianale-la-pecora-nera-olbia\/#breadcrumb","itemListElement":[{"@type":"ListItem","position":1,"name":"Home","item":"https:\/\/gelateriapecoranera.com\/"},{"@type":"ListItem","position":2,"name":"Privacy Policy | Gelateria Artigianale La Pecora Nera Olbia"}]},{"@type":"WebSite","@id":"https:\/\/gelateriapecoranera.com\/it\/#website","url":"https:\/\/gelateriapecoranera.com\/it\/","name":"Gelateria Artigianale Pecora Nera Olbia","description":"","publisher":{"@id":"https:\/\/gelateriapecoranera.com\/it\/#organization"},"potentialAction":[{"@type":"SearchAction","target":{"@type":"EntryPoint","urlTemplate":"https:\/\/gelateriapecoranera.com\/it\/?s={search_term_string}"},"query-input":{"@type":"PropertyValueSpecification","valueRequired":true,"valueName":"search_term_string"}}],"inLanguage":"de"},{"@type":"Organization","@id":"https:\/\/gelateriapecoranera.com\/it\/#organization","name":"Gelateria Artigianale Pecora Nera Olbia","url":"https:\/\/gelateriapecoranera.com\/it\/","logo":{"@type":"ImageObject","inLanguage":"de","@id":"https:\/\/gelateriapecoranera.com\/it\/#\/schema\/logo\/image\/","url":"https:\/\/gelateriapecoranera.com\/wp-content\/uploads\/2024\/11\/Logo-gelateria-artigianale-la-pacora-nera-olbia.png","contentUrl":"https:\/\/gelateriapecoranera.com\/wp-content\/uploads\/2024\/11\/Logo-gelateria-artigianale-la-pacora-nera-olbia.png","width":100,"height":122,"caption":"Gelateria Artigianale Pecora Nera Olbia"},"image":{"@id":"https:\/\/gelateriapecoranera.com\/it\/#\/schema\/logo\/image\/"},"sameAs":["https:\/\/www.facebook.com\/gelateriapecoranera","https:\/\/www.instagram.com\/gelateria_pecoranera\/"]}]}},"_links":{"self":[{"href":"https:\/\/gelateriapecoranera.com\/de\/wp-json\/wp\/v2\/pages\/354","targetHints":{"allow":["GET"]}}],"collection":[{"href":"https:\/\/gelateriapecoranera.com\/de\/wp-json\/wp\/v2\/pages"}],"about":[{"href":"https:\/\/gelateriapecoranera.com\/de\/wp-json\/wp\/v2\/types\/page"}],"author":[{"embeddable":true,"href":"https:\/\/gelateriapecoranera.com\/de\/wp-json\/wp\/v2\/users\/1"}],"replies":[{"embeddable":true,"href":"https:\/\/gelateriapecoranera.com\/de\/wp-json\/wp\/v2\/comments?post=354"}],"version-history":[{"count":5,"href":"https:\/\/gelateriapecoranera.com\/de\/wp-json\/wp\/v2\/pages\/354\/revisions"}],"predecessor-version":[{"id":544,"href":"https:\/\/gelateriapecoranera.com\/de\/wp-json\/wp\/v2\/pages\/354\/revisions\/544"}],"wp:attachment":[{"href":"https:\/\/gelateriapecoranera.com\/de\/wp-json\/wp\/v2\/media?parent=354"}],"curies":[{"name":"wp","href":"https:\/\/api.w.org\/{rel}","templated":true}]}}